{"id":105,"date":"2020-09-15T17:10:19","date_gmt":"2020-09-15T22:10:19","guid":{"rendered":"https:\/\/db.gxn.ca\/?page_id=105"},"modified":"2025-12-08T21:12:06","modified_gmt":"2025-12-09T02:12:06","slug":"contact","status":"publish","type":"page","link":"https:\/\/equipebeaulieu.com\/en\/contact\/","title":{"rendered":"Tools"},"content":{"rendered":"\t\t<div data-elementor-type=\"wp-page\" data-elementor-id=\"105\" class=\"elementor elementor-105\" data-elementor-post-type=\"page\">\n\t\t\t\t\t\t<section class=\"elementor-section elementor-top-section elementor-element elementor-element-197467e elementor-section-full_width elementor-section-height-default elementor-section-height-default\" data-id=\"197467e\" data-element_type=\"section\" data-e-type=\"section\">\n\t\t\t\t\t\t<div class=\"elementor-container elementor-column-gap-no\">\n\t\t\t\t\t<div class=\"elementor-column elementor-col-100 elementor-top-column elementor-element elementor-element-ed6a4da\" data-id=\"ed6a4da\" data-element_type=\"column\" data-e-type=\"column\">\n\t\t\t<div class=\"elementor-widget-wrap elementor-element-populated\">\n\t\t\t\t\t\t\t<\/div>\n\t\t<\/div>\n\t\t\t\t\t<\/div>\n\t\t<\/section>\n\t\t\t\t<section class=\"elementor-section elementor-top-section elementor-element elementor-element-1872e2df elementor-section-content-middle elementor-section-boxed elementor-section-height-default elementor-section-height-default\" data-id=\"1872e2df\" data-element_type=\"section\" data-e-type=\"section\">\n\t\t\t\t\t\t<div class=\"elementor-container elementor-column-gap-no\">\n\t\t\t\t\t<div class=\"elementor-column elementor-col-100 elementor-top-column elementor-element elementor-element-3c6f313b\" data-id=\"3c6f313b\" data-element_type=\"column\" data-e-type=\"column\">\n\t\t\t<div class=\"elementor-widget-wrap elementor-element-populated\">\n\t\t\t\t\t\t<div class=\"elementor-element elementor-element-4a5b1f92 elementor-widget elementor-widget-heading\" data-id=\"4a5b1f92\" data-element_type=\"widget\" data-e-type=\"widget\" data-widget_type=\"heading.default\">\n\t\t\t\t<div class=\"elementor-widget-container\">\n\t\t\t\t\t<h1 class=\"elementor-heading-title elementor-size-default\">Contact<\/h1>\t\t\t\t<\/div>\n\t\t\t\t<\/div>\n\t\t\t\t<section class=\"elementor-section elementor-inner-section elementor-element elementor-element-35522ada elementor-section-content-middle elementor-section-boxed elementor-section-height-default elementor-section-height-default\" data-id=\"35522ada\" data-element_type=\"section\" data-e-type=\"section\">\n\t\t\t\t\t\t<div class=\"elementor-container elementor-column-gap-no\">\n\t\t\t\t\t<div class=\"elementor-column elementor-col-50 elementor-inner-column elementor-element elementor-element-2dd2b424\" data-id=\"2dd2b424\" data-element_type=\"column\" data-e-type=\"column\">\n\t\t\t<div class=\"elementor-widget-wrap elementor-element-populated\">\n\t\t\t\t\t\t<div class=\"elementor-element elementor-element-1a6df437 elementor-widget elementor-widget-heading\" data-id=\"1a6df437\" data-element_type=\"widget\" data-e-type=\"widget\" data-widget_type=\"heading.default\">\n\t\t\t\t<div class=\"elementor-widget-container\">\n\t\t\t\t\t<h6 class=\"elementor-heading-title elementor-size-default\">CONTACTEZ-NOUS POUR ACHETER OU VENDRE UNE PROPRI\u00c9T\u00c9\n<\/h6>\t\t\t\t<\/div>\n\t\t\t\t<\/div>\n\t\t\t\t<div class=\"elementor-element elementor-element-e0987f2 elementor-widget elementor-widget-spacer\" data-id=\"e0987f2\" data-element_type=\"widget\" data-e-type=\"widget\" data-widget_type=\"spacer.default\">\n\t\t\t\t<div class=\"elementor-widget-container\">\n\t\t\t\t\t\t\t<div class=\"elementor-spacer\">\n\t\t\t<div class=\"elementor-spacer-inner\"><\/div>\n\t\t<\/div>\n\t\t\t\t\t\t<\/div>\n\t\t\t\t<\/div>\n\t\t\t\t<div class=\"elementor-element elementor-element-6712327f elementor-widget elementor-widget-heading\" data-id=\"6712327f\" data-element_type=\"widget\" data-e-type=\"widget\" data-widget_type=\"heading.default\">\n\t\t\t\t<div class=\"elementor-widget-container\">\n\t\t\t\t\t<h6 class=\"elementor-heading-title elementor-size-default\">Bureau: <a href=\"tel:+15146272405\">(514) 627-2405<\/a><\/h6>\t\t\t\t<\/div>\n\t\t\t\t<\/div>\n\t\t\t\t<div class=\"elementor-element elementor-element-7cef4f8 elementor-widget elementor-widget-spacer\" data-id=\"7cef4f8\" data-element_type=\"widget\" data-e-type=\"widget\" data-widget_type=\"spacer.default\">\n\t\t\t\t<div class=\"elementor-widget-container\">\n\t\t\t\t\t\t\t<div class=\"elementor-spacer\">\n\t\t\t<div class=\"elementor-spacer-inner\"><\/div>\n\t\t<\/div>\n\t\t\t\t\t\t<\/div>\n\t\t\t\t<\/div>\n\t\t\t\t<div class=\"elementor-element elementor-element-91eb7b6 elementor-widget elementor-widget-heading\" data-id=\"91eb7b6\" data-element_type=\"widget\" data-e-type=\"widget\" data-widget_type=\"heading.default\">\n\t\t\t\t<div class=\"elementor-widget-container\">\n\t\t\t\t\t<h6 class=\"elementor-heading-title elementor-size-default\">Courriel: <a href=\"mailto:info@equipebeaulieu.com\">info@equipebeaulieu.com<\/a><\/h6>\t\t\t\t<\/div>\n\t\t\t\t<\/div>\n\t\t\t\t\t<\/div>\n\t\t<\/div>\n\t\t\t\t<div class=\"elementor-column elementor-col-50 elementor-inner-column elementor-element elementor-element-70a9561d\" data-id=\"70a9561d\" data-element_type=\"column\" data-e-type=\"column\">\n\t\t\t<div class=\"elementor-widget-wrap elementor-element-populated\">\n\t\t\t\t\t\t<div class=\"elementor-element elementor-element-dfb956e elementor-button-align-start elementor-widget elementor-widget-form\" data-id=\"dfb956e\" data-element_type=\"widget\" data-e-type=\"widget\" data-settings=\"{&quot;step_next_label&quot;:&quot;Next&quot;,&quot;step_previous_label&quot;:&quot;Previous&quot;,&quot;button_width&quot;:&quot;100&quot;,&quot;step_type&quot;:&quot;number_text&quot;,&quot;step_icon_shape&quot;:&quot;circle&quot;}\" data-widget_type=\"form.default\">\n\t\t\t\t<div class=\"elementor-widget-container\">\n\t\t\t\t\t\t\t<form class=\"elementor-form\" method=\"post\" name=\"New Form\" aria-label=\"New Form\">\n\t\t\t<input type=\"hidden\" name=\"post_id\" value=\"105\"\/>\n\t\t\t<input type=\"hidden\" name=\"form_id\" value=\"dfb956e\"\/>\n\t\t\t<input type=\"hidden\" name=\"referer_title\" value=\"Outils - Equipe Beaulieu eXp\" \/>\n\n\t\t\t\t\t\t\t<input type=\"hidden\" name=\"queried_id\" value=\"105\"\/>\n\t\t\t\n\t\t\t<div class=\"elementor-form-fields-wrapper elementor-labels-\">\n\t\t\t\t\t\t\t\t<div class=\"elementor-field-type-text elementor-field-group elementor-column elementor-field-group-name elementor-col-100\">\n\t\t\t\t\t\t\t\t\t\t\t\t<label for=\"form-field-name\" class=\"elementor-field-label elementor-screen-only\">\n\t\t\t\t\t\t\t\tNom\t\t\t\t\t\t\t<\/label>\n\t\t\t\t\t\t\t\t\t\t\t\t\t\t<input size=\"1\" type=\"text\" name=\"form_fields[name]\" id=\"form-field-name\" class=\"elementor-field elementor-size-sm  elementor-field-textual\" placeholder=\"Nom\">\n\t\t\t\t\t\t\t\t\t\t\t<\/div>\n\t\t\t\t\t\t\t\t<div class=\"elementor-field-type-text elementor-field-group elementor-column elementor-field-group-field_fa9bec3 elementor-col-100\">\n\t\t\t\t\t\t\t\t\t\t\t\t<label for=\"form-field-field_fa9bec3\" class=\"elementor-field-label elementor-screen-only\">\n\t\t\t\t\t\t\t\tNom de famille\t\t\t\t\t\t\t<\/label>\n\t\t\t\t\t\t\t\t\t\t\t\t\t\t<input size=\"1\" type=\"text\" name=\"form_fields[field_fa9bec3]\" id=\"form-field-field_fa9bec3\" class=\"elementor-field elementor-size-sm  elementor-field-textual\" placeholder=\"Nom de famille\">\n\t\t\t\t\t\t\t\t\t\t\t<\/div>\n\t\t\t\t\t\t\t\t<div class=\"elementor-field-type-email elementor-field-group elementor-column elementor-field-group-email elementor-col-100 elementor-field-required\">\n\t\t\t\t\t\t\t\t\t\t\t\t<label for=\"form-field-email\" class=\"elementor-field-label elementor-screen-only\">\n\t\t\t\t\t\t\t\tCourriel\t\t\t\t\t\t\t<\/label>\n\t\t\t\t\t\t\t\t\t\t\t\t\t\t<input size=\"1\" type=\"email\" name=\"form_fields[email]\" id=\"form-field-email\" class=\"elementor-field elementor-size-sm  elementor-field-textual\" placeholder=\"Courriel\" required=\"required\">\n\t\t\t\t\t\t\t\t\t\t\t<\/div>\n\t\t\t\t\t\t\t\t<div class=\"elementor-field-type-number elementor-field-group elementor-column elementor-field-group-field_5b9cfa2 elementor-col-100\">\n\t\t\t\t\t\t\t\t\t\t\t\t<label for=\"form-field-field_5b9cfa2\" class=\"elementor-field-label elementor-screen-only\">\n\t\t\t\t\t\t\t\tCellulaire\t\t\t\t\t\t\t<\/label>\n\t\t\t\t\t\t\t\t\t<input type=\"number\" name=\"form_fields[field_5b9cfa2]\" id=\"form-field-field_5b9cfa2\" class=\"elementor-field elementor-size-sm  elementor-field-textual\" placeholder=\"Cellulaire\" min=\"\" max=\"\" >\n\t\t\t\t\t\t<\/div>\n\t\t\t\t\t\t\t\t<div class=\"elementor-field-type-textarea elementor-field-group elementor-column elementor-field-group-message elementor-col-100\">\n\t\t\t\t\t\t\t\t\t\t\t\t<label for=\"form-field-message\" class=\"elementor-field-label elementor-screen-only\">\n\t\t\t\t\t\t\t\tMessage\t\t\t\t\t\t\t<\/label>\n\t\t\t\t\t\t<textarea class=\"elementor-field-textual elementor-field  elementor-size-sm\" name=\"form_fields[message]\" id=\"form-field-message\" rows=\"4\" placeholder=\"Message\"><\/textarea>\t\t\t\t<\/div>\n\t\t\t\t\t\t\t\t<div class=\"elementor-field-group elementor-column elementor-field-type-submit elementor-col-100 e-form__buttons\">\n\t\t\t\t\t<button class=\"elementor-button elementor-size-sm elementor-animation-grow\" type=\"submit\">\n\t\t\t\t\t\t<span class=\"elementor-button-content-wrapper\">\n\t\t\t\t\t\t\t\t\t\t\t\t\t\t\t\t\t\t\t\t\t\t<span class=\"elementor-button-text\">Envoyer<\/span>\n\t\t\t\t\t\t\t\t\t\t\t\t\t<\/span>\n\t\t\t\t\t<\/button>\n\t\t\t\t<\/div>\n\t\t\t<\/div>\n\t\t<input\n                    class=\"apbct_special_field apbct_email_id__elementor_form\"\n                    name=\"apbct__email_id__elementor_form\"\n                    aria-label=\"apbct__label_id__elementor_form\"\n                    type=\"text\" size=\"30\" maxlength=\"200\" autocomplete=\"off\"\n                    value=\"\"\n                \/><\/form>\n\t\t\t\t\t\t<\/div>\n\t\t\t\t<\/div>\n\t\t\t\t\t<\/div>\n\t\t<\/div>\n\t\t\t\t\t<\/div>\n\t\t<\/section>\n\t\t\t\t\t<\/div>\n\t\t<\/div>\n\t\t\t\t\t<\/div>\n\t\t<\/section>\n\t\t\t\t<section class=\"elementor-section elementor-top-section elementor-element elementor-element-cceb1da elementor-section-boxed elementor-section-height-default elementor-section-height-default\" data-id=\"cceb1da\" data-element_type=\"section\" data-e-type=\"section\">\n\t\t\t\t\t\t<div class=\"elementor-container elementor-column-gap-default\">\n\t\t\t\t\t<div class=\"elementor-column elementor-col-100 elementor-top-column elementor-element elementor-element-78171a0\" data-id=\"78171a0\" data-element_type=\"column\" data-e-type=\"column\">\n\t\t\t<div class=\"elementor-widget-wrap elementor-element-populated\">\n\t\t\t\t\t\t<div class=\"elementor-element elementor-element-194d0d2 elementor-widget elementor-widget-html\" data-id=\"194d0d2\" data-element_type=\"widget\" data-e-type=\"widget\" data-widget_type=\"html.default\">\n\t\t\t\t<div class=\"elementor-widget-container\">\n\t\t\t\t\t<div style=\"height: 0px; overflow: hidden;\">\r\n<a href=\"https:\/\/equipebeaulieu.com\/courtier-immobilier-villeray\/\r\n\">.<\/a>\r\n<a href=\"https:\/\/equipebeaulieu.com\/courtier-immobilier-montreal\/\r\n\">.<\/a>\r\n<a href=\"https:\/\/equipebeaulieu.com\/courtier-immobilier-montreal-nord\/\r\n\">.<\/a>\r\n<a href=\"https:\/\/equipebeaulieu.com\/courtier-immobilier-ville-marie\/\r\n\">.<\/a>\r\n<a href=\"https:\/\/equipebeaulieu.com\/category\/blogue-db-et-ia\/\r\n\">.<\/a>\r\n<a href=\"https:\/\/equipebeaulieu.com\/courtier-immobilier-anjou\/\r\n\">.<\/a>\r\n<a href=\"https:\/\/equipebeaulieu.com\/courtier-immobilier-hochelaga\/\r\n\">.<\/a>\r\n<a href=\"https:\/\/equipebeaulieu.com\/courtier-immobilier-lanaudiere\/\r\n\">.<\/a>\r\n<a href=\"https:\/\/equipebeaulieu.com\/courtier-immobilier-laurentides\/\r\n\">.<\/a>\r\n<a href=\"https:\/\/equipebeaulieu.com\/courtier-immobilier-rosemont\/\r\n\">.<\/a>\r\n<a href=\"https:\/\/equipebeaulieu.com\/courtier-immobilier-saint-michel\/\r\n\">.<\/a>\r\n<a href=\"https:\/\/equipebeaulieu.com\/courtier-immobilier-laval\/\r\n\">.<\/a>\r\n<a href=\"https:\/\/equipebeaulieu.com\/courtier-immobilier-mercier\/\r\n\">.<\/a>\r\n<a href=\"https:\/\/equipebeaulieu.com\/agent-immobilier-hochelaga\/\">Agent immobilier \u00e0 Hochelaga<\/a>\r\n<a href=\"https:\/\/equipebeaulieu.com\/agent-immobilier-montreal\/\">Agent immobilier \u00e0 Montr\u00e9al<\/a>\r\n<a href=\"https:\/\/equipebeaulieu.com\/agent-immobilier-ville-marie\/\">Agent immobilier \u00e0 Ville-Marie<\/a>\r\n<a href=\"https:\/\/equipebeaulieu.com\/agent-immobilier-saint-michel\/\">Agent immobilier \u00e0 Saint-Michel<\/a>\r\n<a href=\"https:\/\/equipebeaulieu.com\/agent-immobilier-anjou\/\">Agent immobilier \u00e0 Anjou<\/a>\r\n<a href=\"https:\/\/equipebeaulieu.com\/agent-immobilier-laurentides\/\">Agent immobilier \u00e0 Laurentides<\/a>\r\n<a href=\"https:\/\/equipebeaulieu.com\/agent-immobilier-villeray\/\">Agent immobilier \u00e0 Villeray<\/a>\r\n<a href=\"https:\/\/equipebeaulieu.com\/agent-immobilier-mercier\/\">Agent immobilier \u00e0 Mercier<\/a>\r\n<a href=\"https:\/\/equipebeaulieu.com\/agent-immobilier-montreal-nord\/\">Agent immobilier \u00e0 Montr\u00e9al-Nord<\/a>\r\n<a href=\"https:\/\/equipebeaulieu.com\/agent-immobilier-rosemont\/\">Agent immobilier \u00e0 Rosemont<\/a>\r\n<a href=\"https:\/\/equipebeaulieu.com\/agent-immobilier-laval\/\">Agent immobilier \u00e0 Laval<\/a>\r\n<a href=\"https:\/\/equipebeaulieu.com\/agent-immobilier-lanaudiere\/\">Agent immobilier \u00e0 Lanaudi\u00e8re<\/a>\r\n<\/div>\r\n\t\t\t\t<\/div>\n\t\t\t\t<\/div>\n\t\t\t\t\t<\/div>\n\t\t<\/div>\n\t\t\t\t\t<\/div>\n\t\t<\/section>\n\t\t\t\t<section class=\"elementor-section elementor-top-section elementor-element elementor-element-ca83f50 elementor-section-full_width elementor-section-height-default elementor-section-height-default\" data-id=\"ca83f50\" data-element_type=\"section\" data-e-type=\"section\">\n\t\t\t\t\t\t<div class=\"elementor-container elementor-column-gap-no\">\n\t\t\t\t\t<div class=\"elementor-column elementor-col-100 elementor-top-column elementor-element elementor-element-fefcc8f\" data-id=\"fefcc8f\" data-element_type=\"column\" data-e-type=\"column\">\n\t\t\t<div class=\"elementor-widget-wrap elementor-element-populated\">\n\t\t\t\t\t\t\t<\/div>\n\t\t<\/div>\n\t\t\t\t\t<\/div>\n\t\t<\/section>\n\t\t<div class=\"elementor-element elementor-element-59ff5e2 e-flex e-con-boxed e-con e-parent\" data-id=\"59ff5e2\" data-element_type=\"container\" data-e-type=\"container\">\n\t\t\t\t\t<div class=\"e-con-inner\">\n\t\t\t\t<div class=\"elementor-element elementor-element-3fa69cc elementor-widget elementor-widget-image\" data-id=\"3fa69cc\" data-element_type=\"widget\" data-e-type=\"widget\" data-widget_type=\"image.default\">\n\t\t\t\t<div class=\"elementor-widget-container\">\n\t\t\t\t\t\t\t\t\t\t\t\t\t\t\t<img fetchpriority=\"high\" decoding=\"async\" width=\"274\" height=\"184\" src=\"https:\/\/equipebeaulieu.com\/wp-content\/uploads\/2025\/08\/logo-exp-noir-Copy-1.png\" class=\"attachment-large size-large wp-image-3161\" alt=\"\" \/>\t\t\t\t\t\t\t\t\t\t\t\t\t\t\t<\/div>\n\t\t\t\t<\/div>\n\t\t\t\t\t<\/div>\n\t\t\t\t<\/div>\n\t\t\t\t<\/div>\n\t\t","protected":false},"excerpt":{"rendered":"<p>Contact CONTACTEZ-NOUS POUR ACHETER OU VENDRE UNE PROPRI\u00c9T\u00c9 Bureau: (514) 627-2405 Courriel: info@equipebeaulieu.com . . . . . . . . . . . . . Agent immobilier \u00e0 Hochelaga Agent immobilier \u00e0 Montr\u00e9al Agent immobilier \u00e0 Ville-Marie Agent immobilier \u00e0 Saint-Michel Agent immobilier \u00e0 Anjou Agent immobilier \u00e0 Laurentides Agent immobilier \u00e0 Villeray Agent [&hellip;]<\/p>\n","protected":false},"author":5,"featured_media":0,"parent":0,"menu_order":0,"comment_status":"closed","ping_status":"closed","template":"elementor_header_footer","meta":{"footnotes":""},"class_list":["post-105","page","type-page","status-publish","hentry"],"_links":{"self":[{"href":"https:\/\/equipebeaulieu.com\/en\/wp-json\/wp\/v2\/pages\/105","targetHints":{"allow":["GET"]}}],"collection":[{"href":"https:\/\/equipebeaulieu.com\/en\/wp-json\/wp\/v2\/pages"}],"about":[{"href":"https:\/\/equipebeaulieu.com\/en\/wp-json\/wp\/v2\/types\/page"}],"author":[{"embeddable":true,"href":"https:\/\/equipebeaulieu.com\/en\/wp-json\/wp\/v2\/users\/5"}],"replies":[{"embeddable":true,"href":"https:\/\/equipebeaulieu.com\/en\/wp-json\/wp\/v2\/comments?post=105"}],"version-history":[{"count":54,"href":"https:\/\/equipebeaulieu.com\/en\/wp-json\/wp\/v2\/pages\/105\/revisions"}],"predecessor-version":[{"id":3310,"href":"https:\/\/equipebeaulieu.com\/en\/wp-json\/wp\/v2\/pages\/105\/revisions\/3310"}],"wp:attachment":[{"href":"https:\/\/equipebeaulieu.com\/en\/wp-json\/wp\/v2\/media?parent=105"}],"curies":[{"name":"wp","href":"https:\/\/api.w.org\/{rel}","templated":true}]}}